
{"id":10275,"date":"2017-10-16T13:54:07","date_gmt":"2017-10-16T18:54:07","guid":{"rendered":"http:\/\/ksrpro.com\/contact-us\/"},"modified":"2024-05-16T20:47:10","modified_gmt":"2024-05-16T20:47:10","slug":"iletisim","status":"publish","type":"page","link":"https:\/\/ksrpro.com\/tr\/iletisim\/","title":{"rendered":"\u0130leti\u015fim"},"content":{"rendered":"<section class=\"wpb-content-wrapper\"><p>[vc_row css=&#8221;.vc_custom_1558796213746{background-color: #f7f9fa !important;background-position: center !important;background-repeat: no-repeat !important;background-size: cover !important;}&#8221;][vc_column]\r\n\t<div class=\"bauer-spacer clearfix\" data-desktop=\"100\" data-mobi=\"60\" data-smobi=\"60\"><\/div>[vc_row_inner column_inner_spacing=&#8221;65&#8243;][vc_column_inner width=&#8221;1\/2&#8243;]<div class=\"bauer-simple-image text-center\" style=\"\" >\r\n\t\t\t<img decoding=\"async\" alt=\"image\" src=\"https:\/\/ksrpro.com\/wp-content\/uploads\/2023\/10\/Untitled-design-1.jpg\" \/> \r\n\t\t<\/div>\r\n\t<div class=\"bauer-spacer clearfix\" data-desktop=\"0\" data-mobi=\"40\" data-smobi=\"40\"><\/div>[\/vc_column_inner][vc_column_inner width=&#8221;1\/2&#8243;]\r\n\t<div class=\"bauer-spacer clearfix\" data-desktop=\"45\" data-mobi=\"0\" data-smobi=\"0\"><\/div><div class=\"bauer-single-heading clearfix \" style=\"margin-bottom:25px;\"><span class=\"inner\"><span class=\"heading clearfix \" style=\"font-weight:600;color:#777777;font-size:16px;\">\r\n\t\tFARKLI \u015eEYLER \u0130N\u015eA ED\u0130YORUZ\r\n\t<\/span><\/span><\/div><h2 class=\"bauer-text clearfix \" style=\"font-size:42px;line-height:50px;margin-bottom:32px;\"><p>D\u00fc\u015f\u00fcnd\u00fc\u011f\u00fcn\u00fcz fikirlerinizi <span class=\"font-weight-300\">birlikte hayata ge\u00e7irelim<\/span><\/p>\n<\/h2><div class=\"bauer-text clearfix \" style=\"font-size:18px;line-height:30px;color:#414042;margin-bottom:40px;\"><p><span>Sizinle g\u00f6r\u00fc\u015fmek isteriz! Sorular\u0131n\u0131z, geri bildirimleriniz veya bizimle bir proje ba\u015flatmaya haz\u0131r olman\u0131z fark etmeksizin, bizimle ileti\u015fime ge\u00e7mek \u00e7ok kolay. Ekibimiz size yard\u0131mc\u0131 olmak ve ihtiyac\u0131n\u0131z olan bilgileri sa\u011flamak i\u00e7in burada.<\/span><\/p>\n<\/div><div class=\"bauer-grid-box clearfix grid2 border-light v-30 h-0 no-borders\" data-grid=\"2\" >\r\n\t\t<div class=\"bauer-icon-box clearfix icon-left align-left  simple\" style=\"background-color:#ffffff;padding:22px 25px 22px 25px;border-radius:5px;border:1px solid #e7e7e7;\" ><div class=\"wrap-inner\" style=\"position: relative;\"><div class=\"bauer-icon icon-1606193546 custom accent-bg\"  data-icon=\"#ffffff\">\r\n\t\t\t\t<span class=\"icon\" style=\"font-size:18px;width:42px;height:42px;border-style:solid;border-radius:21px;line-height:44px; box-shadow: 0px 0px 0px 4px rgba(243,92,39,0.2)\"><i class=\"elegant-icon_phone\"><\/i><\/span>\r\n\t\t\t<\/div> <h3 class=\"heading \" style=\"padding-left:59px;color:#777777;font-size:15px;line-height:20px;\">\r\n\t\t\t<span>\u0130leti\u015fime Ge\u00e7in<\/span>\r\n\t\t<\/h3><div class=\"desc\" style=\"padding-left:59px;\"><p><a href=\"tel:+17542236943\"><span>+1 (754) 223-6943<\/span><\/a><\/p>\n<\/div> <\/div><\/div><div class=\"bauer-icon-box clearfix icon-left align-left  simple\" style=\"background-color:#ffffff;padding:22px 25px 22px 25px;border-radius:5px;border:1px solid #e7e7e7;\" ><div class=\"wrap-inner\" style=\"position: relative;\"><div class=\"bauer-icon icon-2062566446 custom accent-bg\"  data-icon=\"#ffffff\">\r\n\t\t\t\t<span class=\"icon\" style=\"font-size:18px;width:42px;height:42px;border-style:solid;border-radius:21px;line-height:44px; box-shadow: 0px 0px 0px 4px rgba(243,92,39,0.2)\"><i class=\"elegant-icon_phone\"><\/i><\/span>\r\n\t\t\t<\/div> <h3 class=\"heading \" style=\"padding-left:59px;color:#777777;font-size:15px;line-height:20px;\">\r\n\t\t\t<span>E-Mail Adresimiz<\/span>\r\n\t\t<\/h3><div class=\"desc\" style=\"padding-left:59px;\"><p><a href=\"mailto:info@ksrpro.com\"><span>info@ksrpro.com<\/span><\/a><\/p>\n<\/div> <\/div><\/div>\n\r\n\t<\/div>\r\n\t<div class=\"bauer-spacer clearfix\" data-desktop=\"50\" data-mobi=\"10\" data-smobi=\"10\"><\/div>[\/vc_column_inner][\/vc_row_inner]\r\n\t<div class=\"bauer-spacer clearfix\" data-desktop=\"100\" data-mobi=\"50\" data-smobi=\"50\"><\/div>[\/vc_column][\/vc_row][vc_row disable_element=&#8221;yes&#8221; fullwidth=&#8221;yes&#8221;][vc_column]Project item not found![\/vc_column][\/vc_row][vc_row disable_element=&#8221;yes&#8221; el_class=&#8221;has-scroll-arrow&#8221; css=&#8221;.vc_custom_1696124888168{background-image: url(http:\/\/ninzio.com\/bauer\/wp-content\/uploads\/2019\/05\/section-bg2-4.jpg?id=8970) !important;background-position: center !important;background-repeat: no-repeat !important;background-size: cover !important;}&#8221;][vc_column]\r\n\t<div class=\"bauer-spacer clearfix\" data-desktop=\"94\" data-mobi=\"60\" data-smobi=\"60\"><\/div><div class=\"bauer-single-heading clearfix text-center\" style=\"margin-bottom:25px;\"><span class=\"inner\"><span class=\"heading clearfix \" style=\"font-weight:600;color:#cacaca;font-size:16px;\">\r\n\t\tOUR EXPERTS AND SPECIALISTS\r\n\t<\/span><\/span><\/div><h2 class=\"bauer-text clearfix text-center\" style=\"font-size:42px;line-height:50px;margin-bottom:30px;max-width:730px;margin-left: auto; margin-right: auto;\"><p><span class=\"font-weight-300\">Take a look at<\/span> our team<\/p>\n<\/h2>\r\n<div class=\"bauer-team style-1 text-center arrow-center offsetcenter offset-v0 bullet-square  arrow50\" data-auto=\"false\" data-loop=\"false\" data-column=\"3\" data-column2=\"2\" data-column3=\"1\" data-gap=\"30\">\r\n\t\r\n\t<div class=\"owl-carousel owl-theme\">\r\n\t            \t<div class=\"member-item clearfix\">\r\n        \t\t<div class=\"inner\">\r\n        \t\t\t\r\n\t\t            \r\n                 \t                 \t\t<div class=\"text-wrap\" style=\"\">\r\n\t\t\t\t\t        \t\t\t\t\t        \t<h4 class=\"name\" style=\"\">\r\n\t\t\t\t\t        \tThomas Smith<\/h4>\r\n\t\t\t\t\t        \r\n\t\t\t\t\t        \t\t\t\t\t        \t<h5 class=\"position\" style=\"\">\r\n\t\t\t\t\t        \tPlumber<\/h5>\r\n\t\t\t\t\t        \r\n\t\t\t\t\t        <ul class=\"socials clearfix\"><li class=\"facebook\"><a target=\"_blank\" href=\"https:\/\/www.facebook.com\/ninzio\" rel=\"noopener\"><i class=\"fab fa-facebook-f\"><\/i><\/a><\/li><li class=\"twitter\"><a target=\"_blank\" href=\"https:\/\/twitter.com\/ninziothemes\" rel=\"noopener\"><i class=\"fab fa-twitter\"><\/i><\/a><\/li><li class=\"linkedin\"><a target=\"_blank\" href=\"https:\/\/www.linkedin.com\/company\/envato\/\" rel=\"noopener\"><i class=\"fab fa-linkedin-in\"><\/i><\/a><\/li><\/ul>\t\t\t\t        <\/div>\r\n\t\t\t                \t\t<\/div><!-- \/.inner -->\r\n            <\/div><!-- \/.member-item -->\r\n\t\t        \t<div class=\"member-item clearfix\">\r\n        \t\t<div class=\"inner\">\r\n        \t\t\t\r\n\t\t            \r\n                 \t                 \t\t<div class=\"text-wrap\" style=\"\">\r\n\t\t\t\t\t        \t\t\t\t\t        \t<h4 class=\"name\" style=\"\">\r\n\t\t\t\t\t        \tErnest Smith<\/h4>\r\n\t\t\t\t\t        \r\n\t\t\t\t\t        \t\t\t\t\t        \t<h5 class=\"position\" style=\"\">\r\n\t\t\t\t\t        \tElectrician<\/h5>\r\n\t\t\t\t\t        \r\n\t\t\t\t\t        <ul class=\"socials clearfix\"><li class=\"facebook\"><a target=\"_blank\" href=\"https:\/\/www.facebook.com\/ninzio\" rel=\"noopener\"><i class=\"fab fa-facebook-f\"><\/i><\/a><\/li><li class=\"twitter\"><a target=\"_blank\" href=\"https:\/\/twitter.com\/ninziothemes\" rel=\"noopener\"><i class=\"fab fa-twitter\"><\/i><\/a><\/li><li class=\"linkedin\"><a target=\"_blank\" href=\"https:\/\/www.linkedin.com\/company\/envato\/\" rel=\"noopener\"><i class=\"fab fa-linkedin-in\"><\/i><\/a><\/li><\/ul>\t\t\t\t        <\/div>\r\n\t\t\t                \t\t<\/div><!-- \/.inner -->\r\n            <\/div><!-- \/.member-item -->\r\n\t\t        \t<div class=\"member-item clearfix\">\r\n        \t\t<div class=\"inner\">\r\n        \t\t\t\r\n\t\t            \r\n                 \t                 \t\t<div class=\"text-wrap\" style=\"\">\r\n\t\t\t\t\t        \t\t\t\t\t        \t<h4 class=\"name\" style=\"\">\r\n\t\t\t\t\t        \tJohn Smith<\/h4>\r\n\t\t\t\t\t        \r\n\t\t\t\t\t        \t\t\t\t\t        \t<h5 class=\"position\" style=\"\">\r\n\t\t\t\t\t        \tCarpenter<\/h5>\r\n\t\t\t\t\t        \r\n\t\t\t\t\t        <ul class=\"socials clearfix\"><li class=\"facebook\"><a target=\"_blank\" href=\"https:\/\/www.facebook.com\/ninzio\" rel=\"noopener\"><i class=\"fab fa-facebook-f\"><\/i><\/a><\/li><li class=\"twitter\"><a target=\"_blank\" href=\"https:\/\/twitter.com\/ninziothemes\" rel=\"noopener\"><i class=\"fab fa-twitter\"><\/i><\/a><\/li><li class=\"linkedin\"><a target=\"_blank\" href=\"https:\/\/www.linkedin.com\/company\/envato\/\" rel=\"noopener\"><i class=\"fab fa-linkedin-in\"><\/i><\/a><\/li><\/ul>\t\t\t\t        <\/div>\r\n\t\t\t                \t\t<\/div><!-- \/.inner -->\r\n            <\/div><!-- \/.member-item -->\r\n\t\t\t<\/div><!-- \/.owl-carousel -->\r\n\r\n<\/div><!-- \/.bauer-team -->\r\n\r\n\r\n\t<div class=\"bauer-spacer clearfix\" data-desktop=\"100\" data-mobi=\"60\" data-smobi=\"60\"><\/div>[\/vc_column][\/vc_row][vc_row css=&#8221;.vc_custom_1558796508444{background-image: url(http:\/\/ninzio.com\/bauer\/wp-content\/uploads\/2019\/05\/section-bg3-2.jpg?id=8969) !important;background-position: center !important;background-repeat: no-repeat !important;background-size: cover !important;}&#8221;][vc_column]\r\n\t<div class=\"bauer-spacer clearfix\" data-desktop=\"100\" data-mobi=\"60\" data-smobi=\"60\"><\/div>[vc_row_inner column_inner_spacing=&#8221;100&#8243;][vc_column_inner width=&#8221;1\/2&#8243;]<div class=\"bauer-content-box clearfix \" data-padding=\"47px 50px 94px 50px\" data-mobipadding=\"40px\" data-margin=\"\" data-mobimargin=\"\" >\r\n\t\t<div class=\"inner ctb-1142364566\" style=\"\"  data-background=\"rgba(3,15,39,0.6)\" data-rounded=\"5px\" data-border-color=\"rgba(231,231,231,0.3)\" data-border-width=\"1px\">\r\n\t\t\t<h2 class=\"bauer-text clearfix \" style=\"font-size:42px;color:#f2f2f2;margin-bottom:8px;\"><p>Bize <span class=\"font-weight-300\">Ula\u015f\u0131n<\/span><\/p>\n<\/h2><div class=\"bauer-text clearfix \" style=\"color:#f2f2f2;margin-bottom:25px;\"><p>Sorular\u0131n\u0131z veya payla\u015fmak istedi\u011finiz fikirler varsa, bir mesaj g\u00f6nderin. Daha spesifik konular i\u00e7in l\u00fctfen a\u015fa\u011f\u0131da listelenen adreslerden birini kullan\u0131n.<\/p>\n<\/div><div class=\"bauer-grid-box clearfix grid2 border-light v-30 h-25 no-borders\" data-grid=\"2\" >\r\n\t\t<div class=\"bauer-text clearfix \" style=\"color:#f2f2f2;\"><p><span class=\"font-weight-500 text-white\">KSR Properties<\/span><br \/>\n<span class=\"font-weight-600\" style=\"color: #8a99c0;\"><span>Deerfield Beach, Florida<\/span><\/span><br \/>\n<span class=\"fas fa-map-marker-alt text-accent-color\" style=\"padding-right: 3px;\"><\/span> <span class=\"text-accent-color font-weight-600\"><a href=\"https:\/\/maps.app.goo.gl\/SgFAcUKfA9WLA36NA\" class=\"hover-white\" target=\"_blank\" rel=\"noopener\">Haritada Bul<\/a><\/span><\/p>\n<\/div><div class=\"bauer-text clearfix \" style=\"color:#f2f2f2;\"><p><span class=\"font-weight-500 text-white\">\u015eimdi Ara<\/span><br \/>\n<a href=\"tel:+17542236943\"><span class=\"font-weight-600\" style=\"color: #8a99c0;\">+1 (754) 223-6943<\/span><\/a><\/p>\n<\/div><div class=\"bauer-text clearfix \" style=\"color:#f2f2f2;\"><p><span class=\"font-weight-500 text-white\">E-Mail Adresimiz<\/span><br \/>\n<span class=\"fas fa-envelope text-accent-color\"><\/span><span>\u00a0<\/span><a href=\"mailto:info@ksrpro.com\"><span class=\"font-weight-600 text-accent-color\">info@ksrpro.com<\/span><\/a><\/p>\n<\/div>\n\r\n\t<\/div>\r\n\t\t<\/div>\r\n\t<\/div>\r\n\t<div class=\"bauer-spacer clearfix\" data-desktop=\"0\" data-mobi=\"40\" data-smobi=\"40\"><\/div>[\/vc_column_inner][vc_column_inner width=&#8221;1\/2&#8243;]<div class=\"bauer-content-box clearfix \" data-padding=\"53px 35px 60px 35px\" data-mobipadding=\"50px 35px 50px 35px\" data-margin=\"\" data-mobimargin=\"\" >\r\n\t\t<div class=\"inner ctb-1748103211\" style=\"\"  data-background=\"#f7f9fa\" data-rounded=\"5px\" data-border-width=\"1px\">\r\n\t\t\t<div class=\"bauer-headings clearfix text-center\" data-font=22 style=\"\"><h2 class=\"heading clearfix \" style=\"margin-bottom:15px;font-size:22px;\">\r\n\t\tProjeniz Hakk\u0131nda Konu\u015fal\u0131m\r\n\t<\/h2><p class=\"sub-heading clearfix\" style=\"font-style:normal;max-width:400px;margin-left: auto; margin-right: auto;\">\r\n\t\tSizden baz\u0131 bilgiler ald\u0131ktan sonra, projenizi daha ayr\u0131nt\u0131l\u0131 olarak g\u00f6r\u00fc\u015fmek i\u00e7in bir zaman belirleyece\u011fiz.\r\n\t<\/p><\/div>\r\n\t<div class=\"bauer-spacer clearfix\" data-desktop=\"32\" data-mobi=\"32\" data-smobi=\"32\"><\/div>[vc_raw_html]JTVCaHVic3BvdCUyMHR5cGUlM0QlMjJmb3JtJTIyJTIwcG9ydGFsJTNEJTIyMjE5MzAzMzIlMjIlMjBpZCUzRCUyMmFhOGQxY2M2LTczYTEtNDIwNS1iZjgwLTZlNWY4YzU1ZmQwOCUyMiU1RA==[\/vc_raw_html]\r\n\t\t<\/div>\r\n\t<\/div>[\/vc_column_inner][\/vc_row_inner]\r\n\t<div class=\"bauer-spacer clearfix\" data-desktop=\"100\" data-mobi=\"60\" data-smobi=\"60\"><\/div>[\/vc_column][\/vc_row]<\/p>\n<\/section>","protected":false},"excerpt":{"rendered":"<p>[vc_row css=&#8221;.vc_custom_1558796213746{background-color: #f7f9fa !important;background-position: center !important;background-repeat: no-repeat !important;background-size: cover !important;}&#8221;][vc_column][vc_row_inner column_inner_spacing=&#8221;65&#8243;][vc_column_inner width=&#8221;1\/2&#8243;][\/vc_column_inner][vc_column_inner width=&#8221;1\/2&#8243;][\/vc_column_inner][\/vc_row_inner][\/vc_column][\/vc_row][vc_row disable_element=&#8221;yes&#8221; fullwidth=&#8221;yes&#8221;][vc_column][\/vc_column][\/vc_row][vc_row disable_element=&#8221;yes&#8221; el_class=&#8221;has-scroll-arrow&#8221; css=&#8221;.vc_custom_1696124888168{background-image: url(http:\/\/ninzio.com\/bauer\/wp-content\/uploads\/2019\/05\/section-bg2-4.jpg?id=8970) !important;background-position: center !important;background-repeat: no-repeat !important;background-size: cover !important;}&#8221;][vc_column][\/vc_column][\/vc_row][vc_row css=&#8221;.vc_custom_1558796508444{background-image: url(http:\/\/ninzio.com\/bauer\/wp-content\/uploads\/2019\/05\/section-bg3-2.jpg?id=8969) !important;background-position: center !important;background-repeat: no-repeat !important;background-size: cover !important;}&#8221;][vc_column][vc_row_inner column_inner_spacing=&#8221;100&#8243;][vc_column_inner width=&#8221;1\/2&#8243;][\/vc_column_inner][vc_column_inner width=&#8221;1\/2&#8243;][\/vc_column_inner][\/vc_row_inner][\/vc_column][\/vc_row]<\/p>\n","protected":false},"author":1,"featured_media":0,"parent":0,"menu_order":0,"comment_status":"closed","ping_status":"closed","template":"","meta":{"content-type":"","inline_featured_image":false,"footnotes":""},"class_list":["post-10275","page","type-page","status-publish","hentry"],"_links":{"self":[{"href":"https:\/\/ksrpro.com\/tr\/wp-json\/wp\/v2\/pages\/10275","targetHints":{"allow":["GET"]}}],"collection":[{"href":"https:\/\/ksrpro.com\/tr\/wp-json\/wp\/v2\/pages"}],"about":[{"href":"https:\/\/ksrpro.com\/tr\/wp-json\/wp\/v2\/types\/page"}],"author":[{"embeddable":true,"href":"https:\/\/ksrpro.com\/tr\/wp-json\/wp\/v2\/users\/1"}],"replies":[{"embeddable":true,"href":"https:\/\/ksrpro.com\/tr\/wp-json\/wp\/v2\/comments?post=10275"}],"version-history":[{"count":9,"href":"https:\/\/ksrpro.com\/tr\/wp-json\/wp\/v2\/pages\/10275\/revisions"}],"predecessor-version":[{"id":10723,"href":"https:\/\/ksrpro.com\/tr\/wp-json\/wp\/v2\/pages\/10275\/revisions\/10723"}],"wp:attachment":[{"href":"https:\/\/ksrpro.com\/tr\/wp-json\/wp\/v2\/media?parent=10275"}],"curies":[{"name":"wp","href":"https:\/\/api.w.org\/{rel}","templated":true}]}}