
{"id":10237,"date":"2024-01-10T16:10:21","date_gmt":"2024-01-10T16:10:21","guid":{"rendered":"http:\/\/ksrpro.com\/?page_id=10237"},"modified":"2024-05-29T11:40:32","modified_gmt":"2024-05-29T11:40:32","slug":"konut-emlak-araciligi","status":"publish","type":"page","link":"https:\/\/ksrpro.com\/tr\/hizmetlerimiz\/konut-emlak-araciligi\/","title":{"rendered":"Konut Emlak Arac\u0131l\u0131\u011f\u0131"},"content":{"rendered":"<section class=\"wpb-content-wrapper\"><p>[vc_row][vc_column]<div class=\"bauer-headings clearfix \" data-font=42 style=\"\"><h2 class=\"heading clearfix \" style=\"font-size:42px;\">\r\n\t\tKiralanm\u0131\u015f Binalar ve Multifamily Yat\u0131r\u0131mlar\u0131:<br \/>\nAk\u0131ll\u0131ca Yat\u0131r\u0131m\u0131n Anahtar\u0131\r\n\t<\/h2><\/div>\r\n\t<div class=\"bauer-spacer clearfix\" data-desktop=\"50\" data-mobi=\"50\" data-smobi=\"50\"><\/div>[vc_column_text]Siz de\u011ferli m\u00fc\u015fterilerimize, konut emlak brokerli\u011fi alan\u0131nda benzersiz bir hizmet sunan bir ekibin par\u00e7as\u0131 olman\u0131n gururunu ya\u015f\u0131yoruz. Gayrimenkul hedeflerinizi ger\u00e7ekle\u015ftirmeniz i\u00e7in uzmanla\u015fm\u0131\u015f acentelerimiz, m\u00fclk sat\u0131n al\u0131yor ya da sat\u0131yorsan\u0131z, size \u00f6zel rehberlik sunarak yol g\u00f6sterir. \u0130\u015fte, neden bizimle \u00e7al\u0131\u015fman\u0131z gerekti\u011fine dair birka\u00e7 sebep:[\/vc_column_text][\/vc_column][\/vc_row][vc_row][vc_column]\r\n\t<div class=\"bauer-spacer clearfix\" data-desktop=\"75\" data-mobi=\"75\" data-smobi=\"75\"><\/div>[\/vc_column][\/vc_row][vc_row el_class=&#8221;swap-on-mobile&#8221;][vc_column width=&#8221;3\/4&#8243;][vc_column_text]<\/p>\n<h3>1. Uzman Ekip:<\/h3>\n<p>Konut emlak brokerli\u011fi konusundaki uzman ekibimiz, sekt\u00f6rdeki de\u011fi\u015fimleri ve f\u0131rsatlar\u0131 yak\u0131ndan takip eder. Size en g\u00fcncel ve de\u011ferli bilgileri sunarak, en iyi karar\u0131 vermeniz i\u00e7in yan\u0131n\u0131zda durur.<\/p>\n<p>&nbsp;<\/p>\n<h3>2. Ki\u015fiselle\u015ftirilmi\u015f Rehberlik:<\/h3>\n<p>M\u00fclk sat\u0131n al\u0131rken ya da satarken, her m\u00fc\u015fterimizin ihtiya\u00e7lar\u0131 farkl\u0131d\u0131r. Yetenekli acentelerimiz, size \u00f6zel bir rehberlik sunarak, hedeflerinize en uygun \u00e7\u00f6z\u00fcmleri bulman\u0131za yard\u0131mc\u0131 olur.[\/vc_column_text][\/vc_column][vc_column width=&#8221;1\/4&#8243;][vc_single_image image=&#8221;10427&#8243;]\r\n\t<div class=\"bauer-spacer clearfix\" data-desktop=\"0\" data-mobi=\"50\" data-smobi=\"50\"><\/div>[\/vc_column][\/vc_row][vc_row][vc_column]\r\n\t<div class=\"bauer-spacer clearfix\" data-desktop=\"75\" data-mobi=\"75\" data-smobi=\"75\"><\/div>[\/vc_column][\/vc_row][vc_row][vc_column width=&#8221;1\/4&#8243;][vc_single_image image=&#8221;10421&#8243;]\r\n\t<div class=\"bauer-spacer clearfix\" data-desktop=\"0\" data-mobi=\"50\" data-smobi=\"50\"><\/div>[\/vc_column][vc_column width=&#8221;3\/4&#8243;][vc_column_text]<\/p>\n<h3>3. Pazar Bilgisi:<\/h3>\n<p>Piyasa ko\u015fullar\u0131ndaki de\u011fi\u015fiklikleri etkili bir \u015fekilde anlamak, ba\u015far\u0131l\u0131 bir konut emlak i\u015fleminin anahtar\u0131d\u0131r. Biz, g\u00fc\u00e7l\u00fc pazar bilgisiyle donanm\u0131\u015f ekibimizle, size en avantajl\u0131 teklifleri sunar\u0131z.<\/p>\n<p>&nbsp;<\/p>\n<h3>4. M\u00fclk Al\u0131m ve Sat\u0131m\u0131:<\/h3>\n<p>Konut emlak brokerli\u011fi hizmetimiz, m\u00fclk al\u0131m ve sat\u0131m s\u00fcre\u00e7lerinizde yan\u0131n\u0131zda olmay\u0131 ama\u00e7lar. Size en iyi yat\u0131r\u0131m f\u0131rsatlar\u0131n\u0131 sunmak ve m\u00fclk\u00fcn\u00fcz\u00fc en iyi fiyatla satman\u0131z\u0131 sa\u011flamak i\u00e7in buraday\u0131z.[\/vc_column_text][\/vc_column][\/vc_row][vc_row][vc_column]\r\n\t<div class=\"bauer-spacer clearfix\" data-desktop=\"75\" data-mobi=\"75\" data-smobi=\"75\"><\/div>[\/vc_column][\/vc_row][vc_row][vc_column][vc_column_text]<\/p>\n<h3>5. Pazar Analizi ve De\u011ferlendirme:<\/h3>\n<p>Piyasa analizi ve de\u011ferlendirme konusundaki uzmanl\u0131\u011f\u0131m\u0131zla, m\u00fclklerinizin do\u011fru de\u011ferini belirler ve en uygun fiyatland\u0131rmay\u0131 sa\u011flar\u0131z.<\/p>\n<p>&nbsp;<\/p>\n<h3>Nas\u0131l Yard\u0131mc\u0131 Olabiliriz?<\/h3>\n<p>Konut emlak brokerli\u011fi konusunda bize g\u00fcvenebilirsiniz. Bizimle \u00e7al\u0131\u015farak, gayrimenkul hedeflerinizi ger\u00e7ekle\u015ftirmeniz i\u00e7in size \u00f6zel bir plan olu\u015fturabilir ve bu s\u00fcreci kolayla\u015ft\u0131rabilirsiniz. Bize ula\u015f\u0131n ve size nas\u0131l yard\u0131mc\u0131 olabilece\u011fimizi ke\u015ffedin!<br \/>\n[\/vc_column_text][\/vc_column][\/vc_row]<\/p>\n<\/section>","protected":false},"excerpt":{"rendered":"<p>[vc_row][vc_column][vc_column_text]Siz de\u011ferli m\u00fc\u015fterilerimize, konut emlak brokerli\u011fi alan\u0131nda benzersiz bir hizmet sunan bir ekibin par\u00e7as\u0131 olman\u0131n gururunu ya\u015f\u0131yoruz. Gayrimenkul hedeflerinizi ger\u00e7ekle\u015ftirmeniz i\u00e7in uzmanla\u015fm\u0131\u015f acentelerimiz, m\u00fclk sat\u0131n al\u0131yor ya da sat\u0131yorsan\u0131z, size \u00f6zel rehberlik sunarak yol g\u00f6sterir. \u0130\u015fte, neden bizimle \u00e7al\u0131\u015fman\u0131z gerekti\u011fine dair birka\u00e7 sebep:[\/vc_column_text][\/vc_column][\/vc_row][vc_row][vc_column][\/vc_column][\/vc_row][vc_row el_class=&#8221;swap-on-mobile&#8221;][vc_column width=&#8221;3\/4&#8243;][vc_column_text] 1. Uzman Ekip: Konut emlak<\/p>\n","protected":false},"author":1,"featured_media":0,"parent":10169,"menu_order":0,"comment_status":"closed","ping_status":"closed","template":"","meta":{"content-type":"","inline_featured_image":false,"footnotes":""},"class_list":["post-10237","page","type-page","status-publish","hentry"],"_links":{"self":[{"href":"https:\/\/ksrpro.com\/tr\/wp-json\/wp\/v2\/pages\/10237","targetHints":{"allow":["GET"]}}],"collection":[{"href":"https:\/\/ksrpro.com\/tr\/wp-json\/wp\/v2\/pages"}],"about":[{"href":"https:\/\/ksrpro.com\/tr\/wp-json\/wp\/v2\/types\/page"}],"author":[{"embeddable":true,"href":"https:\/\/ksrpro.com\/tr\/wp-json\/wp\/v2\/users\/1"}],"replies":[{"embeddable":true,"href":"https:\/\/ksrpro.com\/tr\/wp-json\/wp\/v2\/comments?post=10237"}],"version-history":[{"count":3,"href":"https:\/\/ksrpro.com\/tr\/wp-json\/wp\/v2\/pages\/10237\/revisions"}],"predecessor-version":[{"id":10452,"href":"https:\/\/ksrpro.com\/tr\/wp-json\/wp\/v2\/pages\/10237\/revisions\/10452"}],"up":[{"embeddable":true,"href":"https:\/\/ksrpro.com\/tr\/wp-json\/wp\/v2\/pages\/10169"}],"wp:attachment":[{"href":"https:\/\/ksrpro.com\/tr\/wp-json\/wp\/v2\/media?parent=10237"}],"curies":[{"name":"wp","href":"https:\/\/api.w.org\/{rel}","templated":true}]}}