
{"id":10234,"date":"2024-01-10T16:03:25","date_gmt":"2024-01-10T21:03:25","guid":{"rendered":"http:\/\/ksrpro.com\/hizmetlerimiz\/long-term-lease-management\/"},"modified":"2024-05-29T11:40:15","modified_gmt":"2024-05-29T11:40:15","slug":"uzun-vadeli-kiralama-yonetimi","status":"publish","type":"page","link":"https:\/\/ksrpro.com\/tr\/hizmetlerimiz\/uzun-vadeli-kiralama-yonetimi\/","title":{"rendered":"Uzun Vadeli Kiralama Y\u00f6netimi"},"content":{"rendered":"<section class=\"wpb-content-wrapper\"><p>[vc_row][vc_column]<div class=\"bauer-headings clearfix \" data-font=42 style=\"\"><h2 class=\"heading clearfix \" style=\"font-size:42px;\">\r\n\t\tUnlock Your Dream Homes<br \/>\nwith KSR Properties\r\n\t<\/h2><\/div>\r\n\t<div class=\"bauer-spacer clearfix\" data-desktop=\"50\" data-mobi=\"50\" data-smobi=\"50\"><\/div>[vc_column_text]Uzun Vadeli Kiralama Y\u00f6netimi: Yat\u0131r\u0131mc\u0131n\u0131n Huzur Dolu M\u00fclkiyet Y\u00f6netimi<br \/>\nHo\u015f geldiniz! Biz, uzun vadeli kiralama y\u00f6netimi konusunda uzmanla\u015fm\u0131\u015f bir ekip olarak, siz de\u011ferli yat\u0131r\u0131mc\u0131lara stresten uzak, karl\u0131 ve huzur dolu m\u00fclkiyet sahipli\u011fi sunuyoruz. M\u00fclklerinizi bizimle g\u00fcvenle y\u00f6netin ve yat\u0131r\u0131m\u0131n\u0131zdan maksimum getiriyi elde edin.[\/vc_column_text][\/vc_column][\/vc_row][vc_row][vc_column]\r\n\t<div class=\"bauer-spacer clearfix\" data-desktop=\"75\" data-mobi=\"75\" data-smobi=\"75\"><\/div>[\/vc_column][\/vc_row][vc_row el_class=&#8221;swap-on-mobile&#8221;][vc_column width=&#8221;3\/4&#8243;][vc_column_text]<\/p>\n<h3>1. Kirac\u0131 Bak\u0131m\u0131:<\/h3>\n<p>Kirac\u0131lar\u0131n\u0131z\u0131n memnuniyeti ve rahatl\u0131\u011f\u0131 bizim \u00f6nceli\u011fimizdir. Kiralama s\u00fcrecinde profesyonel destek, sorunsuz ileti\u015fim ve ihtiya\u00e7lara h\u0131zl\u0131 \u00e7\u00f6z\u00fcmler sunarak kirac\u0131lar\u0131n\u0131zla s\u00fcrd\u00fcr\u00fclebilir ve uyumlu ili\u015fkiler kuruyoruz.<\/p>\n<p>&nbsp;<\/p>\n<h3>2. Bak\u0131m Hizmetleri:<\/h3>\n<p>M\u00fclklerinizin de\u011ferini korumak ve art\u0131rmak i\u00e7in d\u00fczenli bak\u0131m hizmetleri sunuyoruz. Profesyonel ekiplerimiz, m\u00fclklerinizin teknik ve estetik ihtiya\u00e7lar\u0131na y\u00f6nelik d\u00fczenli kontroller ve bak\u0131m sa\u011flayarak uzun vadeli karl\u0131l\u0131\u011f\u0131 destekliyor.[\/vc_column_text][\/vc_column][vc_column width=&#8221;1\/4&#8243;][vc_single_image image=&#8221;10441&#8243;]\r\n\t<div class=\"bauer-spacer clearfix\" data-desktop=\"0\" data-mobi=\"50\" data-smobi=\"50\"><\/div>[\/vc_column][\/vc_row][vc_row][vc_column]\r\n\t<div class=\"bauer-spacer clearfix\" data-desktop=\"75\" data-mobi=\"75\" data-smobi=\"75\"><\/div>[\/vc_column][\/vc_row][vc_row][vc_column width=&#8221;1\/4&#8243;][vc_single_image image=&#8221;10431&#8243;]\r\n\t<div class=\"bauer-spacer clearfix\" data-desktop=\"0\" data-mobi=\"50\" data-smobi=\"50\"><\/div>[\/vc_column][vc_column width=&#8221;3\/4&#8243;][vc_column_text]<\/p>\n<h3>3. Kararl\u0131l\u0131k Y\u00f6netimi:<\/h3>\n<p>Yat\u0131r\u0131m\u0131n\u0131z\u0131n karl\u0131l\u0131\u011f\u0131n\u0131 art\u0131rmak i\u00e7in stratejik bir yakla\u015f\u0131m benimseyerek m\u00fclklerinizi y\u00f6netiyoruz. Piyasa analizleri, kira fiyatland\u0131rmas\u0131 optimizasyonu ve etkin gelir y\u00f6netimi ile yat\u0131r\u0131m\u0131n\u0131z\u0131n de\u011ferini art\u0131rmak i\u00e7in \u00e7al\u0131\u015f\u0131yoruz.<\/p>\n<p>&nbsp;<\/p>\n<h3>4. Uzamn Kadro:<\/h3>\n<p>Deneyimli ve uzman bir ekibiz. M\u00fclk y\u00f6netimi, kirac\u0131 ili\u015fkileri ve piyasa analizi konular\u0131nda bilgi sahibi ekibimizle yat\u0131r\u0131m\u0131n\u0131z g\u00fcvenilir ellerde.[\/vc_column_text][\/vc_column][\/vc_row][vc_row][vc_column]\r\n\t<div class=\"bauer-spacer clearfix\" data-desktop=\"75\" data-mobi=\"75\" data-smobi=\"75\"><\/div>[\/vc_column][\/vc_row][vc_row el_class=&#8221;swap-on-mobile&#8221;][vc_column width=&#8221;3\/4&#8243;][vc_column_text]<\/p>\n<h3>5. Huzur Dolu Yat\u0131r\u0131m:<\/h3>\n<p>Bizimle \u00e7al\u0131\u015f\u0131rken, m\u00fclk sahipleri i\u00e7in huzur dolu bir yat\u0131r\u0131m deneyimi ya\u015fars\u0131n\u0131z. Her detay\u0131 titizlikle y\u00f6netir, sorunlar\u0131 \u00f6nceden tespit eder ve \u00e7\u00f6zeriz.<\/p>\n<p>&nbsp;<\/p>\n<h3>6. G\u00fc\u00e7l\u00fc \u0130leti\u015fim:<\/h3>\n<p>A\u00e7\u0131k ve etkili ileti\u015fim, sizinle olan ili\u015fkimizin temelidir. Yat\u0131r\u0131m\u0131n\u0131zla ilgili geli\u015fmeleri d\u00fczenli olarak payla\u015f\u0131r ve her zaman bilgilendiririz.[\/vc_column_text][\/vc_column][vc_column width=&#8221;1\/4&#8243;][vc_single_image image=&#8221;10415&#8243;]\r\n\t<div class=\"bauer-spacer clearfix\" data-desktop=\"0\" data-mobi=\"50\" data-smobi=\"50\"><\/div>[\/vc_column][\/vc_row][vc_row][vc_column]\r\n\t<div class=\"bauer-spacer clearfix\" data-desktop=\"75\" data-mobi=\"75\" data-smobi=\"75\"><\/div>[\/vc_column][\/vc_row][vc_row][vc_column]<div class=\"bauer-headings clearfix \"  style=\"\"><h3 class=\"heading clearfix \" style=\"margin-bottom:25px;\">\r\n\t\tBizimle Yat\u0131r\u0131m\u0131n\u0131z\u0131<br \/>\nG\u00fcvende Tutun!\r\n\t<\/h3><div class=\"extra-content clearfix\" style=\"\">\r\n\t\t<p>Uzun vadeli kiralama y\u00f6netimi konusundaki uzmanl\u0131\u011f\u0131m\u0131z ve m\u00fc\u015fteri odakl\u0131 yakla\u015f\u0131m\u0131m\u0131zla, m\u00fclklerinizi g\u00fcvenle bizimle y\u00f6netebilir, karl\u0131l\u0131k ve huzur dolu bir m\u00fclkiyet sahibi olabilirsiniz. \u0130htiya\u00e7lar\u0131n\u0131z\u0131 kar\u015f\u0131lamak ve daha fazla bilgi i\u00e7in bizimle ileti\u015fime ge\u00e7mekten \u00e7ekinmeyin. Size, yat\u0131r\u0131m\u0131n\u0131z\u0131 en iyi \u015fekilde y\u00f6netmek i\u00e7in buraday\u0131z!<\/p>\n\r\n\t<\/div><\/div>[\/vc_column][\/vc_row]<\/p>\n<\/section>","protected":false},"excerpt":{"rendered":"<p>[vc_row][vc_column][vc_column_text]Uzun Vadeli Kiralama Y\u00f6netimi: Yat\u0131r\u0131mc\u0131n\u0131n Huzur Dolu M\u00fclkiyet Y\u00f6netimi Ho\u015f geldiniz! Biz, uzun vadeli kiralama y\u00f6netimi konusunda uzmanla\u015fm\u0131\u015f bir ekip olarak, siz de\u011ferli yat\u0131r\u0131mc\u0131lara stresten uzak, karl\u0131 ve huzur dolu m\u00fclkiyet sahipli\u011fi sunuyoruz. M\u00fclklerinizi bizimle g\u00fcvenle y\u00f6netin ve yat\u0131r\u0131m\u0131n\u0131zdan maksimum getiriyi elde edin.[\/vc_column_text][\/vc_column][\/vc_row][vc_row][vc_column][\/vc_column][\/vc_row][vc_row el_class=&#8221;swap-on-mobile&#8221;][vc_column width=&#8221;3\/4&#8243;][vc_column_text] 1. Kirac\u0131 Bak\u0131m\u0131: Kirac\u0131lar\u0131n\u0131z\u0131n memnuniyeti<\/p>\n","protected":false},"author":1,"featured_media":0,"parent":10169,"menu_order":0,"comment_status":"closed","ping_status":"closed","template":"","meta":{"content-type":"","inline_featured_image":false,"footnotes":""},"class_list":["post-10234","page","type-page","status-publish","hentry"],"_links":{"self":[{"href":"https:\/\/ksrpro.com\/tr\/wp-json\/wp\/v2\/pages\/10234","targetHints":{"allow":["GET"]}}],"collection":[{"href":"https:\/\/ksrpro.com\/tr\/wp-json\/wp\/v2\/pages"}],"about":[{"href":"https:\/\/ksrpro.com\/tr\/wp-json\/wp\/v2\/types\/page"}],"author":[{"embeddable":true,"href":"https:\/\/ksrpro.com\/tr\/wp-json\/wp\/v2\/users\/1"}],"replies":[{"embeddable":true,"href":"https:\/\/ksrpro.com\/tr\/wp-json\/wp\/v2\/comments?post=10234"}],"version-history":[{"count":3,"href":"https:\/\/ksrpro.com\/tr\/wp-json\/wp\/v2\/pages\/10234\/revisions"}],"predecessor-version":[{"id":10446,"href":"https:\/\/ksrpro.com\/tr\/wp-json\/wp\/v2\/pages\/10234\/revisions\/10446"}],"up":[{"embeddable":true,"href":"https:\/\/ksrpro.com\/tr\/wp-json\/wp\/v2\/pages\/10169"}],"wp:attachment":[{"href":"https:\/\/ksrpro.com\/tr\/wp-json\/wp\/v2\/media?parent=10234"}],"curies":[{"name":"wp","href":"https:\/\/api.w.org\/{rel}","templated":true}]}}