
{"id":10225,"date":"2024-01-10T15:54:44","date_gmt":"2024-01-10T15:54:44","guid":{"rendered":"http:\/\/ksrpro.com\/?page_id=10225"},"modified":"2024-05-29T11:40:20","modified_gmt":"2024-05-29T11:40:20","slug":"satin-al-onar","status":"publish","type":"page","link":"https:\/\/ksrpro.com\/tr\/hizmetlerimiz\/satin-al-onar\/","title":{"rendered":"Sat\u0131n Al &#038; Onar"},"content":{"rendered":"<section class=\"wpb-content-wrapper\"><p>[vc_row][vc_column]<div class=\"bauer-headings clearfix \" data-font=42 style=\"\"><h2 class=\"heading clearfix \" style=\"font-size:42px;\">\r\n\t\tUnlock Your Dream Homes<br \/>\nwith KSR Properties\r\n\t<\/h2><\/div>\r\n\t<div class=\"bauer-spacer clearfix\" data-desktop=\"50\" data-mobi=\"50\" data-smobi=\"50\"><\/div>[vc_column_text]Yat\u0131r\u0131m d\u00fcnyas\u0131nda yeni bir soluk arayanlar i\u00e7in, &#8220;Sat\u0131n Al ve Onar&#8221; stratejisi, de\u011ferli varl\u0131klara d\u00f6n\u00fc\u015ft\u00fcrme konusunda benzersiz bir f\u0131rsat sunuyor. Yat\u0131r\u0131mc\u0131lar i\u00e7in de\u011feri maksimize etmenin ve m\u00fclkleri canland\u0131rman\u0131n anahtar\u0131 olan bu strateji, i\u015fte sizin i\u00e7in \u00f6ne \u00e7\u0131kan avantajlar\u0131 sunuyor.[\/vc_column_text][\/vc_column][\/vc_row][vc_row][vc_column]\r\n\t<div class=\"bauer-spacer clearfix\" data-desktop=\"75\" data-mobi=\"75\" data-smobi=\"75\"><\/div>[\/vc_column][\/vc_row][vc_row el_class=&#8221;swap-on-mobile&#8221;][vc_column width=&#8221;3\/4&#8243;][vc_column_text]<\/p>\n<h3>1. Stratejik Varl\u0131k Se\u00e7imi:<\/h3>\n<p>\u0130lk ad\u0131m, potansiyeli g\u00f6rebilmek. &#8220;Sat\u0131n Al ve Onar&#8221; stratejisi, geli\u015fen b\u00f6lgelerdeki potansiyeli de\u011ferlendirerek, yat\u0131r\u0131mc\u0131lara uygun fiyatl\u0131 f\u0131rsatlar sunuyor. Bu strateji ile do\u011fru varl\u0131klar\u0131 se\u00e7mek, yat\u0131r\u0131mlar\u0131n\u0131z\u0131n temelini olu\u015fturur.<\/p>\n<p>&nbsp;<\/p>\n<h3>2. Uygun Fiyatl\u0131 M\u00fclk Edinme:<\/h3>\n<p>Bu strateji, yat\u0131r\u0131mc\u0131lara uygun fiyatlarla m\u00fclk edinme f\u0131rsat\u0131 tan\u0131r. \u0130hmal edilmi\u015f veya restore edilmesi gereken m\u00fclkleri sat\u0131n alarak, m\u00fclk fiyat\u0131n\u0131 d\u00fc\u015f\u00fcrebilir ve yat\u0131r\u0131mc\u0131lara daha uygun bir giri\u015f noktas\u0131 sa\u011flayabilirsiniz.[\/vc_column_text][\/vc_column][vc_column width=&#8221;1\/4&#8243;][vc_single_image image=&#8221;10433&#8243;]\r\n\t<div class=\"bauer-spacer clearfix\" data-desktop=\"0\" data-mobi=\"50\" data-smobi=\"50\"><\/div>[\/vc_column][\/vc_row][vc_row][vc_column]\r\n\t<div class=\"bauer-spacer clearfix\" data-desktop=\"75\" data-mobi=\"75\" data-smobi=\"75\"><\/div>[\/vc_column][\/vc_row][vc_row][vc_column width=&#8221;1\/4&#8243;][vc_single_image image=&#8221;10437&#8243;]\r\n\t<div class=\"bauer-spacer clearfix\" data-desktop=\"0\" data-mobi=\"50\" data-smobi=\"50\"><\/div>[\/vc_column][vc_column width=&#8221;3\/4&#8243;][vc_column_text]<\/p>\n<h3>3. Canland\u0131rma ve De\u011fer Art\u0131rma:<\/h3>\n<p>M\u00fclkleri sat\u0131n ald\u0131ktan sonra, canland\u0131rma s\u00fcreci devreye girer. Estetik ve fonksiyonel iyile\u015ftirmelerle, m\u00fclkleri \u00e7ekici hale getirip de\u011ferini art\u0131rabilirsiniz. Bu ad\u0131m, yat\u0131r\u0131mc\u0131lara ellerindeki m\u00fclkleri de\u011ferli varl\u0131klara d\u00f6n\u00fc\u015ft\u00fcrme potansiyeli sunar.<\/p>\n<p>&nbsp;<\/p>\n<h3>4. Yat\u0131r\u0131m\u0131n\u0131z\u0131 De\u011ferli Varl\u0131\u011fa D\u00f6n\u00fc\u015ft\u00fcr\u00fcn:<\/h3>\n<p>&#8220;Sat\u0131n Al ve Onar&#8221; stratejisi, sat\u0131n al\u0131nan ve canland\u0131r\u0131lan m\u00fclkleri ger\u00e7ek de\u011ferlere d\u00f6n\u00fc\u015ft\u00fcrerek yat\u0131r\u0131mc\u0131lara getiri sa\u011flar. Bu m\u00fclkler, sat\u0131\u015f veya kira yoluyla yat\u0131r\u0131mc\u0131lara \u00f6nemli kazan\u00e7lar sunar. Ayn\u0131 zamanda, bu strateji, ev sahiplerine de yeniden de\u011fer kazanm\u0131\u015f ve g\u00fcncellenmi\u015f m\u00fclkler sunar.[\/vc_column_text][\/vc_column][\/vc_row][vc_row][vc_column]\r\n\t<div class=\"bauer-spacer clearfix\" data-desktop=\"75\" data-mobi=\"75\" data-smobi=\"75\"><\/div>[\/vc_column][\/vc_row][vc_row el_class=&#8221;swap-on-mobile&#8221;][vc_column width=&#8221;3\/4&#8243;][vc_column_text]<\/p>\n<h3>5. Uzmanl\u0131k ve Deneyim:<\/h3>\n<p>&#8220;Sat\u0131n Al ve Onar&#8221; konusunda uzmanla\u015fm\u0131\u015f bir ekiple \u00e7al\u0131\u015f\u0131yorsunuz. Deneyimimiz ve ba\u015far\u0131 hikayelerimizle size de\u011fer kat\u0131yoruz.<\/p>\n<p>&nbsp;<\/p>\n<h3>6. Kararl\u0131l\u0131k ve G\u00fcven:<\/h3>\n<p>Yat\u0131r\u0131mc\u0131lar\u0131m\u0131za karl\u0131l\u0131k ve g\u00fcven sunuyoruz. Her ad\u0131mda \u015feffaf ve g\u00fcvenilir bir i\u015f modeliyle \u00e7al\u0131\u015farak, yat\u0131r\u0131mlar\u0131n\u0131z\u0131n de\u011ferini art\u0131rmak i\u00e7in buraday\u0131z.[\/vc_column_text][\/vc_column][vc_column width=&#8221;1\/4&#8243;][vc_single_image image=&#8221;10439&#8243;]\r\n\t<div class=\"bauer-spacer clearfix\" data-desktop=\"0\" data-mobi=\"50\" data-smobi=\"50\"><\/div>[\/vc_column][\/vc_row][vc_row][vc_column]\r\n\t<div class=\"bauer-spacer clearfix\" data-desktop=\"75\" data-mobi=\"75\" data-smobi=\"75\"><\/div>[\/vc_column][\/vc_row][vc_row][vc_column]<div class=\"bauer-headings clearfix \"  style=\"\"><h3 class=\"heading clearfix \" style=\"margin-bottom:25px;\">\r\n\t\t\u0130leti\u015fime Ge\u00e7in ve<br \/>\nYat\u0131r\u0131mlar\u0131n\u0131z\u0131 De\u011ferli Varl\u0131klara D\u00f6n\u00fc\u015ft\u00fcr\u00fcn!\r\n\t<\/h3><div class=\"extra-content clearfix\" style=\"\">\r\n\t\t<p>Bizimle \u00e7al\u0131\u015farak, &#8220;<strong>Sat\u0131n Al ve Onar<\/strong>&#8221; stratejisiyle yat\u0131r\u0131mlar\u0131n\u0131z\u0131 de\u011ferli varl\u0131klara d\u00f6n\u00fc\u015ft\u00fcrmenin avantajlar\u0131ndan yararlanabilirsiniz. \u0130htiya\u00e7lar\u0131n\u0131z\u0131 anlamak ve daha fazla bilgi almak i\u00e7in bizimle ileti\u015fime ge\u00e7in. Yat\u0131r\u0131mlar\u0131n\u0131z\u0131 en iyi \u015fekilde de\u011ferlendirmek i\u00e7in buraday\u0131z!<\/p>\n\r\n\t<\/div><\/div>[\/vc_column][\/vc_row]<\/p>\n<\/section>","protected":false},"excerpt":{"rendered":"<p>[vc_row][vc_column][vc_column_text]Yat\u0131r\u0131m d\u00fcnyas\u0131nda yeni bir soluk arayanlar i\u00e7in, &#8220;Sat\u0131n Al ve Onar&#8221; stratejisi, de\u011ferli varl\u0131klara d\u00f6n\u00fc\u015ft\u00fcrme konusunda benzersiz bir f\u0131rsat sunuyor. Yat\u0131r\u0131mc\u0131lar i\u00e7in de\u011feri maksimize etmenin ve m\u00fclkleri canland\u0131rman\u0131n anahtar\u0131 olan bu strateji, i\u015fte sizin i\u00e7in \u00f6ne \u00e7\u0131kan avantajlar\u0131 sunuyor.[\/vc_column_text][\/vc_column][\/vc_row][vc_row][vc_column][\/vc_column][\/vc_row][vc_row el_class=&#8221;swap-on-mobile&#8221;][vc_column width=&#8221;3\/4&#8243;][vc_column_text] 1. Stratejik Varl\u0131k Se\u00e7imi: \u0130lk ad\u0131m, potansiyeli g\u00f6rebilmek. &#8220;Sat\u0131n<\/p>\n","protected":false},"author":1,"featured_media":0,"parent":10169,"menu_order":0,"comment_status":"closed","ping_status":"closed","template":"","meta":{"content-type":"","inline_featured_image":false,"footnotes":""},"class_list":["post-10225","page","type-page","status-publish","hentry"],"_links":{"self":[{"href":"https:\/\/ksrpro.com\/tr\/wp-json\/wp\/v2\/pages\/10225","targetHints":{"allow":["GET"]}}],"collection":[{"href":"https:\/\/ksrpro.com\/tr\/wp-json\/wp\/v2\/pages"}],"about":[{"href":"https:\/\/ksrpro.com\/tr\/wp-json\/wp\/v2\/types\/page"}],"author":[{"embeddable":true,"href":"https:\/\/ksrpro.com\/tr\/wp-json\/wp\/v2\/users\/1"}],"replies":[{"embeddable":true,"href":"https:\/\/ksrpro.com\/tr\/wp-json\/wp\/v2\/comments?post=10225"}],"version-history":[{"count":2,"href":"https:\/\/ksrpro.com\/tr\/wp-json\/wp\/v2\/pages\/10225\/revisions"}],"predecessor-version":[{"id":10443,"href":"https:\/\/ksrpro.com\/tr\/wp-json\/wp\/v2\/pages\/10225\/revisions\/10443"}],"up":[{"embeddable":true,"href":"https:\/\/ksrpro.com\/tr\/wp-json\/wp\/v2\/pages\/10169"}],"wp:attachment":[{"href":"https:\/\/ksrpro.com\/tr\/wp-json\/wp\/v2\/media?parent=10225"}],"curies":[{"name":"wp","href":"https:\/\/api.w.org\/{rel}","templated":true}]}}