
{"id":10222,"date":"2024-01-10T15:46:39","date_gmt":"2024-01-10T20:46:39","guid":{"rendered":"http:\/\/ksrpro.com\/hizmetlerimiz\/single-family-rental-development\/"},"modified":"2024-05-29T11:40:24","modified_gmt":"2024-05-29T11:40:24","slug":"mustakil-ev-projeleri","status":"publish","type":"page","link":"https:\/\/ksrpro.com\/tr\/hizmetlerimiz\/mustakil-ev-projeleri\/","title":{"rendered":"M\u00fcstakil Ev Projeleri"},"content":{"rendered":"<section class=\"wpb-content-wrapper\"><p>[vc_row][vc_column]<div class=\"bauer-headings clearfix \" data-font=42 style=\"\"><h2 class=\"heading clearfix \" style=\"font-size:42px;\">\r\n\t\tUnlock Your Dream Homes<br \/>\nwith KSR Properties\r\n\t<\/h2><\/div>\r\n\t<div class=\"bauer-spacer clearfix\" data-desktop=\"50\" data-mobi=\"50\" data-smobi=\"50\"><\/div>[vc_column_text]M\u00fcstakil ev projeleri, kararl\u0131 kira geliri arayan yat\u0131r\u0131mc\u0131lar i\u00e7in m\u00fckemmel bir se\u00e7enek sunmaktad\u0131r. Bu strateji, yat\u0131r\u0131mc\u0131lara sadece finansal de\u011fil, ayn\u0131 zamanda uzun vadeli kararl\u0131l\u0131k sa\u011flama potansiyeli sunar. \u0130\u015fte, m\u00fcstakil ev projeleri ve yat\u0131r\u0131mlar\u0131nda neden bizimle \u00e7al\u0131\u015fman\u0131z gerekti\u011fine dair baz\u0131 nedenler:[\/vc_column_text][\/vc_column][\/vc_row][vc_row][vc_column]\r\n\t<div class=\"bauer-spacer clearfix\" data-desktop=\"75\" data-mobi=\"75\" data-smobi=\"75\"><\/div>[\/vc_column][\/vc_row][vc_row el_class=&#8221;swap-on-mobile&#8221;][vc_column width=&#8221;3\/4&#8243;][vc_column_text]<\/p>\n<h3>1. Uzman Ekip:<\/h3>\n<p>M\u00fcstakil ev projeleri konusunda uzmanla\u015fm\u0131\u015f bir ekip olarak, sekt\u00f6rdeki de\u011fi\u015fimleri ve f\u0131rsatlar\u0131 yak\u0131ndan takip ediyoruz. Deneyimli kadromuzla yat\u0131r\u0131mlar\u0131n\u0131z\u0131 en iyi \u015fekilde y\u00f6nlendiriyoruz.<\/p>\n<p>&nbsp;<\/p>\n<h3>2. Kararl\u0131 Kira Geliri:<\/h3>\n<p>M\u00fcstakil ev projeleri, kararl\u0131 kira geliri sa\u011flama potansiyeli sunar. Uygun lokasyonlarda yap\u0131lan bu projeler, istikrarl\u0131 bir gelir ak\u0131\u015f\u0131 olu\u015fturarak yat\u0131r\u0131mc\u0131lar i\u00e7in finansal g\u00fcvence sa\u011flar.[\/vc_column_text][\/vc_column][vc_column width=&#8221;1\/4&#8243;][vc_single_image image=&#8221;10427&#8243;]\r\n\t<div class=\"bauer-spacer clearfix\" data-desktop=\"0\" data-mobi=\"50\" data-smobi=\"50\"><\/div>[\/vc_column][\/vc_row][vc_row][vc_column]\r\n\t<div class=\"bauer-spacer clearfix\" data-desktop=\"75\" data-mobi=\"75\" data-smobi=\"75\"><\/div>[\/vc_column][\/vc_row][vc_row][vc_column width=&#8221;1\/4&#8243;][vc_single_image image=&#8221;10425&#8243;]\r\n\t<div class=\"bauer-spacer clearfix\" data-desktop=\"0\" data-mobi=\"50\" data-smobi=\"50\"><\/div>[\/vc_column][vc_column width=&#8221;3\/4&#8243;][vc_column_text]<\/p>\n<h3>3. M\u00fcstakil Ev Sat\u0131n Alma ve Sat\u0131\u015f\u0131:<\/h3>\n<p>M\u00fcstakil ev projeleri i\u00e7in uygun yerleri belirleyerek, size en iyi yat\u0131r\u0131m f\u0131rsatlar\u0131n\u0131 sunuyor ve m\u00fcstakil ev sat\u0131\u015flar\u0131n\u0131zda size rehberlik ediyoruz.<\/p>\n<p>&nbsp;<\/p>\n<h3>4. Kararl\u0131l\u0131k ve Getiri Analizi:<\/h3>\n<p>Yat\u0131r\u0131mlar\u0131n\u0131z\u0131n kararl\u0131l\u0131\u011f\u0131n\u0131 ve getirisini art\u0131rmak i\u00e7in stratejik bir analiz sunuyoruz. B\u00f6ylece, yat\u0131r\u0131m\u0131n\u0131z\u0131n en \u00fcst d\u00fczeye \u00e7\u0131kar\u0131lmas\u0131n\u0131 sa\u011fl\u0131yoruz.[\/vc_column_text][\/vc_column][\/vc_row][vc_row][vc_column]\r\n\t<div class=\"bauer-spacer clearfix\" data-desktop=\"75\" data-mobi=\"75\" data-smobi=\"75\"><\/div>[\/vc_column][\/vc_row][vc_row el_class=&#8221;swap-on-mobile&#8221;][vc_column width=&#8221;3\/4&#8243;][vc_column_text]<\/p>\n<h3>5. Stratejik Lokasyon Se\u00e7imi:<\/h3>\n<p>M\u00fcstakil ev projelerinde ba\u015far\u0131, do\u011fru lokasyon se\u00e7imine ba\u011fl\u0131d\u0131r. Bu nedenle, yat\u0131r\u0131mlar\u0131n\u0131z i\u00e7in stratejik konumlar\u0131 belirleyerek, gelecekteki kirac\u0131lara ula\u015fman\u0131za yard\u0131mc\u0131 oluyoruz.<\/p>\n<p>&nbsp;<\/p>\n<h3>6. Finansal Planlama ve Analiz:<\/h3>\n<p>Size \u00f6zel finansal planlama ve analiz hizmetleri sunarak, yat\u0131r\u0131mlar\u0131n\u0131z\u0131n karl\u0131l\u0131\u011f\u0131n\u0131 optimize etmenize yard\u0131mc\u0131 oluyoruz.[\/vc_column_text][\/vc_column][vc_column width=&#8221;1\/4&#8243;][vc_single_image image=&#8221;10427&#8243;]\r\n\t<div class=\"bauer-spacer clearfix\" data-desktop=\"0\" data-mobi=\"50\" data-smobi=\"50\"><\/div>[\/vc_column][\/vc_row][vc_row][vc_column]\r\n\t<div class=\"bauer-spacer clearfix\" data-desktop=\"75\" data-mobi=\"75\" data-smobi=\"75\"><\/div>[\/vc_column][\/vc_row][vc_row][vc_column]<div class=\"bauer-headings clearfix \"  style=\"\"><h3 class=\"heading clearfix \" style=\"margin-bottom:25px;\">\r\n\t\t\u0130leti\u015fime Ge\u00e7in ve<br \/>\nKararl\u0131 Kira Gelirinizi Maksimize Edin!\r\n\t<\/h3><div class=\"extra-content clearfix\" style=\"\">\r\n\t\t<p>Bizimle \u00e7al\u0131\u015farak, m\u00fcstakil ev projeleri ve yat\u0131r\u0131mlar\u0131 konusunda bilgi sahibi olabilir ve kararl\u0131 kira gelirinizi en \u00fcst d\u00fczeye \u00e7\u0131karabilirsiniz. \u0130htiya\u00e7lar\u0131n\u0131z\u0131 kar\u015f\u0131lamak ve daha fazla bilgi almak i\u00e7in bize ula\u015f\u0131n. Yat\u0131r\u0131mlar\u0131n\u0131z\u0131 en iyi \u015fekilde de\u011ferlendirmek i\u00e7in buraday\u0131z!<\/p>\n\r\n\t<\/div><\/div>[\/vc_column][\/vc_row]<\/p>\n<\/section>","protected":false},"excerpt":{"rendered":"<p>[vc_row][vc_column][vc_column_text]M\u00fcstakil ev projeleri, kararl\u0131 kira geliri arayan yat\u0131r\u0131mc\u0131lar i\u00e7in m\u00fckemmel bir se\u00e7enek sunmaktad\u0131r. Bu strateji, yat\u0131r\u0131mc\u0131lara sadece finansal de\u011fil, ayn\u0131 zamanda uzun vadeli kararl\u0131l\u0131k sa\u011flama potansiyeli sunar. \u0130\u015fte, m\u00fcstakil ev projeleri ve yat\u0131r\u0131mlar\u0131nda neden bizimle \u00e7al\u0131\u015fman\u0131z gerekti\u011fine dair baz\u0131 nedenler:[\/vc_column_text][\/vc_column][\/vc_row][vc_row][vc_column][\/vc_column][\/vc_row][vc_row el_class=&#8221;swap-on-mobile&#8221;][vc_column width=&#8221;3\/4&#8243;][vc_column_text] 1. Uzman Ekip: M\u00fcstakil ev projeleri konusunda uzmanla\u015fm\u0131\u015f<\/p>\n","protected":false},"author":1,"featured_media":0,"parent":10169,"menu_order":0,"comment_status":"closed","ping_status":"closed","template":"","meta":{"content-type":"","inline_featured_image":false,"footnotes":""},"class_list":["post-10222","page","type-page","status-publish","hentry"],"_links":{"self":[{"href":"https:\/\/ksrpro.com\/tr\/wp-json\/wp\/v2\/pages\/10222","targetHints":{"allow":["GET"]}}],"collection":[{"href":"https:\/\/ksrpro.com\/tr\/wp-json\/wp\/v2\/pages"}],"about":[{"href":"https:\/\/ksrpro.com\/tr\/wp-json\/wp\/v2\/types\/page"}],"author":[{"embeddable":true,"href":"https:\/\/ksrpro.com\/tr\/wp-json\/wp\/v2\/users\/1"}],"replies":[{"embeddable":true,"href":"https:\/\/ksrpro.com\/tr\/wp-json\/wp\/v2\/comments?post=10222"}],"version-history":[{"count":2,"href":"https:\/\/ksrpro.com\/tr\/wp-json\/wp\/v2\/pages\/10222\/revisions"}],"predecessor-version":[{"id":10458,"href":"https:\/\/ksrpro.com\/tr\/wp-json\/wp\/v2\/pages\/10222\/revisions\/10458"}],"up":[{"embeddable":true,"href":"https:\/\/ksrpro.com\/tr\/wp-json\/wp\/v2\/pages\/10169"}],"wp:attachment":[{"href":"https:\/\/ksrpro.com\/tr\/wp-json\/wp\/v2\/media?parent=10222"}],"curies":[{"name":"wp","href":"https:\/\/api.w.org\/{rel}","templated":true}]}}