
{"id":10211,"date":"2024-01-10T13:34:40","date_gmt":"2024-01-10T18:34:40","guid":{"rendered":"http:\/\/ksrpro.com\/hizmetlerimiz\/multifamily-development\/"},"modified":"2024-05-29T11:40:28","modified_gmt":"2024-05-29T11:40:28","slug":"kiralanmis-binalar","status":"publish","type":"page","link":"https:\/\/ksrpro.com\/tr\/hizmetlerimiz\/kiralanmis-binalar\/","title":{"rendered":"Kiralanm\u0131\u015f Binalar"},"content":{"rendered":"<section class=\"wpb-content-wrapper\"><p>[vc_row][vc_column]<div class=\"bauer-headings clearfix \" data-font=42 style=\"\"><h2 class=\"heading clearfix \" style=\"font-size:42px;\">\r\n\t\tKiralanm\u0131\u015f Binalar ve Multifamily Yat\u0131r\u0131mlar\u0131:<br \/>\nAk\u0131ll\u0131ca Yat\u0131r\u0131m\u0131n Anahtar\u0131\r\n\t<\/h2><\/div>\r\n\t<div class=\"bauer-spacer clearfix\" data-desktop=\"50\" data-mobi=\"50\" data-smobi=\"50\"><\/div>[vc_column_text]Geli\u015fen trendlerle birlikte, yat\u0131r\u0131mc\u0131lar gayrimenkul portf\u00f6ylerini \u00e7e\u015fitlendirmenin ve risklerini da\u011f\u0131tman\u0131n yollar\u0131n\u0131 aramaktad\u0131r. Bu noktada, kiralanm\u0131\u015f binalar ve multifamily m\u00fclkleri, hem yat\u0131r\u0131mc\u0131lar hem de sakinler i\u00e7in \u00e7ekici bir se\u00e7enek olarak \u00f6ne \u00e7\u0131kmaktad\u0131r. Peki, bu tarz bir yat\u0131r\u0131m\u0131n neden bu kadar \u00e7ekici oldu\u011funa dair birka\u00e7 \u00f6nemli nedeni inceleyelim.[\/vc_column_text][\/vc_column][\/vc_row][vc_row][vc_column]\r\n\t<div class=\"bauer-spacer clearfix\" data-desktop=\"75\" data-mobi=\"75\" data-smobi=\"75\"><\/div>[\/vc_column][\/vc_row][vc_row el_class=&#8221;swap-on-mobile&#8221;][vc_column width=&#8221;3\/4&#8243;][vc_column_text]<\/p>\n<h3>1. Stabil Gelir Ak\u0131\u015f\u0131:<\/h3>\n<p>Multifamily m\u00fclkleri, bir\u00e7ok kirac\u0131y\u0131 ayn\u0131 \u00e7at\u0131 alt\u0131nda birle\u015ftirir. Bu, d\u00fczenli ve stabil bir gelir ak\u0131\u015f\u0131 sa\u011flar. Kiralanan evlerin ortak tapu ile kiraya verilmesi, gelirin payla\u015f\u0131lmas\u0131n\u0131 kolayla\u015ft\u0131r\u0131r ve bo\u015fluk d\u00f6nemlerinde gelir kayb\u0131n\u0131 en aza indirir. Ayr\u0131ca, geni\u015f bir kirac\u0131 taban\u0131, kirac\u0131 kayb\u0131n\u0131n etkilerini yumu\u015fat\u0131r.<\/p>\n<p>&nbsp;<\/p>\n<h3>2. \u00c7e\u015fitlendirme ve Risk Azaltma:<\/h3>\n<p>Multifamily yat\u0131r\u0131mlar\u0131, bir m\u00fclkte birden fazla konut birimine sahip olman\u0131n avantajlar\u0131ndan faydalanman\u0131z\u0131 sa\u011flar. Birden \u00e7ok kirac\u0131, riski azalt\u0131r ve portf\u00f6y\u00fcn\u00fcz\u00fc \u00e7e\u015fitlendirir. Tek bir kirac\u0131ya ba\u011f\u0131ml\u0131 olmak yerine, birka\u00e7 kirac\u0131dan gelir elde ederek riskleri da\u011f\u0131tabilirsiniz.[\/vc_column_text][\/vc_column][vc_column width=&#8221;1\/4&#8243;][vc_single_image image=&#8221;10419&#8243;]\r\n\t<div class=\"bauer-spacer clearfix\" data-desktop=\"0\" data-mobi=\"50\" data-smobi=\"50\"><\/div>[\/vc_column][\/vc_row][vc_row][vc_column]\r\n\t<div class=\"bauer-spacer clearfix\" data-desktop=\"75\" data-mobi=\"75\" data-smobi=\"75\"><\/div>[\/vc_column][\/vc_row][vc_row][vc_column width=&#8221;1\/4&#8243;][vc_single_image image=&#8221;10429&#8243;]\r\n\t<div class=\"bauer-spacer clearfix\" data-desktop=\"0\" data-mobi=\"50\" data-smobi=\"50\"><\/div>[\/vc_column][vc_column width=&#8221;3\/4&#8243;][vc_column_text]<\/p>\n<h3>3. Geli\u015fmekte Olan Topluluklara Yat\u0131r\u0131m:<\/h3>\n<p>Multifamily m\u00fclkleri, genellikle geli\u015fmekte olan topluluklarda bulunur. Bu, b\u00f6lgenin de\u011fer kazanma potansiyeline i\u015faret eder. Yat\u0131r\u0131mc\u0131lar, b\u00f6lgesel b\u00fcy\u00fcme ve geli\u015fme potansiyeli olan b\u00f6lgelere odaklanarak uzun vadeli de\u011fer art\u0131\u015f\u0131ndan faydalanabilirler.<\/p>\n<p>&nbsp;<\/p>\n<h3>4. Yat\u0131r\u0131mc\u0131 ve Sakin Dostu Se\u00e7enekler:<\/h3>\n<p>Kiralanm\u0131\u015f binalar, hem yat\u0131r\u0131mc\u0131lar hem de sakinler i\u00e7in cazip k\u0131l\u0131nm\u0131\u015ft\u0131r. Yat\u0131r\u0131mc\u0131lar, d\u00fczenli gelir ak\u0131\u015f\u0131 ve de\u011fer art\u0131\u015f\u0131 potansiyeli ile \u00e7ekilirken, kirac\u0131lar genellikle toplu konut birimlerinin sundu\u011fu kolayl\u0131klar, g\u00fcvenlik ve sosyal olanaklardan faydalanmay\u0131 tercih ederler.[\/vc_column_text][\/vc_column][\/vc_row][vc_row][vc_column]\r\n\t<div class=\"bauer-spacer clearfix\" data-desktop=\"75\" data-mobi=\"75\" data-smobi=\"75\"><\/div>[\/vc_column][\/vc_row][vc_row][vc_column][vc_column_text]<\/p>\n<h3>5. Uzun Vadeli Yat\u0131r\u0131m Stratejisi:<\/h3>\n<p>Multifamily yat\u0131r\u0131mlar\u0131 genellikle uzun vadeli bir perspektife dayan\u0131r. De\u011fer art\u0131\u015f\u0131 ve d\u00fczenli gelir, uzun vadeli yat\u0131r\u0131mc\u0131lar i\u00e7in \u00e7ekici hale gelir. Bu t\u00fcr bir gayrimenkul yat\u0131r\u0131m\u0131, \u00f6zellikle emeklilik planlar\u0131 i\u00e7in g\u00fcvenli bir liman olarak d\u00fc\u015f\u00fcn\u00fclebilir.<\/p>\n<p>Sonu\u00e7 olarak, kiralanm\u0131\u015f binalar ve multifamily yat\u0131r\u0131mlar\u0131, \u00e7e\u015fitlilik arayan, stabil gelir arayan ve uzun vadeli bir strateji izlemek isteyen yat\u0131r\u0131mc\u0131lar i\u00e7in g\u00fc\u00e7l\u00fc bir se\u00e7enektir. Geli\u015fmekte olan topluluklara yap\u0131lan bu t\u00fcr yat\u0131r\u0131mlar, sadece finansal getiriler sa\u011flamakla kalmaz, ayn\u0131 zamanda b\u00f6lgesel b\u00fcy\u00fcme ve kalk\u0131nmaya da katk\u0131da bulunur[\/vc_column_text][\/vc_column][\/vc_row]<\/p>\n<\/section>","protected":false},"excerpt":{"rendered":"<p>[vc_row][vc_column][vc_column_text]Geli\u015fen trendlerle birlikte, yat\u0131r\u0131mc\u0131lar gayrimenkul portf\u00f6ylerini \u00e7e\u015fitlendirmenin ve risklerini da\u011f\u0131tman\u0131n yollar\u0131n\u0131 aramaktad\u0131r. Bu noktada, kiralanm\u0131\u015f binalar ve multifamily m\u00fclkleri, hem yat\u0131r\u0131mc\u0131lar hem de sakinler i\u00e7in \u00e7ekici bir se\u00e7enek olarak \u00f6ne \u00e7\u0131kmaktad\u0131r. Peki, bu tarz bir yat\u0131r\u0131m\u0131n neden bu kadar \u00e7ekici oldu\u011funa dair birka\u00e7 \u00f6nemli nedeni inceleyelim.[\/vc_column_text][\/vc_column][\/vc_row][vc_row][vc_column][\/vc_column][\/vc_row][vc_row el_class=&#8221;swap-on-mobile&#8221;][vc_column width=&#8221;3\/4&#8243;][vc_column_text] 1. Stabil<\/p>\n","protected":false},"author":1,"featured_media":0,"parent":10169,"menu_order":0,"comment_status":"closed","ping_status":"closed","template":"","meta":{"content-type":"","inline_featured_image":false,"footnotes":""},"class_list":["post-10211","page","type-page","status-publish","hentry"],"_links":{"self":[{"href":"https:\/\/ksrpro.com\/tr\/wp-json\/wp\/v2\/pages\/10211","targetHints":{"allow":["GET"]}}],"collection":[{"href":"https:\/\/ksrpro.com\/tr\/wp-json\/wp\/v2\/pages"}],"about":[{"href":"https:\/\/ksrpro.com\/tr\/wp-json\/wp\/v2\/types\/page"}],"author":[{"embeddable":true,"href":"https:\/\/ksrpro.com\/tr\/wp-json\/wp\/v2\/users\/1"}],"replies":[{"embeddable":true,"href":"https:\/\/ksrpro.com\/tr\/wp-json\/wp\/v2\/comments?post=10211"}],"version-history":[{"count":3,"href":"https:\/\/ksrpro.com\/tr\/wp-json\/wp\/v2\/pages\/10211\/revisions"}],"predecessor-version":[{"id":10449,"href":"https:\/\/ksrpro.com\/tr\/wp-json\/wp\/v2\/pages\/10211\/revisions\/10449"}],"up":[{"embeddable":true,"href":"https:\/\/ksrpro.com\/tr\/wp-json\/wp\/v2\/pages\/10169"}],"wp:attachment":[{"href":"https:\/\/ksrpro.com\/tr\/wp-json\/wp\/v2\/media?parent=10211"}],"curies":[{"name":"wp","href":"https:\/\/api.w.org\/{rel}","templated":true}]}}