
{"id":10203,"date":"2024-01-10T12:22:49","date_gmt":"2024-01-10T17:22:49","guid":{"rendered":"http:\/\/ksrpro.com\/hizmetlerimiz\/residential-development\/"},"modified":"2024-05-29T11:40:09","modified_gmt":"2024-05-29T11:40:09","slug":"konut-gelistirme","status":"publish","type":"page","link":"https:\/\/ksrpro.com\/tr\/hizmetlerimiz\/konut-gelistirme\/","title":{"rendered":"Konut Geli\u015ftirme"},"content":{"rendered":"<section class=\"wpb-content-wrapper\"><p>[vc_row][vc_column]<div class=\"bauer-headings clearfix \" data-font=42 style=\"\"><h2 class=\"heading clearfix \" style=\"font-size:42px;\">\r\n\t\tKSR Properties ile<br \/>\nHayalinizdeki Evlerin Kap\u0131lar\u0131n\u0131 Aralay\u0131n\r\n\t<\/h2><\/div>\r\n\t<div class=\"bauer-spacer clearfix\" data-desktop=\"50\" data-mobi=\"50\" data-smobi=\"50\"><\/div>[vc_column_text]Florida\u2019n\u0131n g\u00f6z al\u0131c\u0131 manzaralar\u0131 ve canl\u0131 ya\u015fam tarz\u0131yla \u00fcnl\u00fc bir eyalet oldu\u011funu biliyoruz. Bu muazzam b\u00f6lgede sizin i\u00e7in \u00f6zel konut projelerimizle hayalinizdeki evlere ad\u0131m atmak \u00e7ok daha kolay. KSR Properties olarak, sundu\u011fumuz konut geli\u015ftirme hizmetleriyle ya\u015fam tarz\u0131n\u0131za uygun, estetik ve konforlu mekanlar yarat\u0131yoruz. \u0130ster l\u00fcks bir plaj evi, ister huzurlu bir banliy\u00f6 konutu olsun, ihtiya\u00e7lar\u0131n\u0131za uygun bir ev bulman\u0131z i\u00e7in buraday\u0131z.[\/vc_column_text][\/vc_column][\/vc_row][vc_row][vc_column]\r\n\t<div class=\"bauer-spacer clearfix\" data-desktop=\"75\" data-mobi=\"75\" data-smobi=\"75\"><\/div>[\/vc_column][\/vc_row][vc_row el_class=&#8221;swap-on-mobile&#8221;][vc_column width=&#8221;3\/4&#8243;][vc_column_text]<\/p>\n<h3>1. Estetik ve Konfor:<\/h3>\n<p>KSR Properties olarak, her projede estetik ve konforu \u00f6nceli\u011fimiz haline getiriyoruz. M\u00fckemmel zanaatkarl\u0131kla tasarlanm\u0131\u015f mekanlar\u0131m\u0131z, sadece g\u00f6ze hitap etmekle kalm\u0131yor, ayn\u0131 zamanda fonksiyonellik ve konfor sunuyor. Her detay \u00f6zenle d\u00fc\u015f\u00fcn\u00fclerek tasarlan\u0131r, bu da ev sahibi olacaklar\u0131n beklentilerini a\u015fmas\u0131n\u0131 sa\u011flar.<\/p>\n<p>&nbsp;<\/p>\n<h3>2. Prime Konumlar<\/h3>\n<p>Ev sahibi olmak isteyenlerin en \u00e7ok dikkat etti\u011fi fakt\u00f6rlerden biri konum. KSR Properties olarak, projelerimizi prime konumlarda sunarak sizin i\u00e7in en uygun yerde ev sahibi olman\u0131z\u0131 sa\u011fl\u0131yoruz. Lux plaj evleri, huzurlu banliy\u00f6 konutlar\u0131 ve daha fazlas\u0131n\u0131 ke\u015ffedin.[\/vc_column_text][\/vc_column][vc_column width=&#8221;1\/4&#8243;][vc_single_image image=&#8221;10435&#8243;]\r\n\t<div class=\"bauer-spacer clearfix\" data-desktop=\"0\" data-mobi=\"50\" data-smobi=\"50\"><\/div>[\/vc_column][\/vc_row][vc_row][vc_column]\r\n\t<div class=\"bauer-spacer clearfix\" data-desktop=\"75\" data-mobi=\"75\" data-smobi=\"75\"><\/div>[\/vc_column][\/vc_row][vc_row][vc_column width=&#8221;1\/4&#8243;][vc_single_image image=&#8221;10423&#8243;]\r\n\t<div class=\"bauer-spacer clearfix\" data-desktop=\"0\" data-mobi=\"50\" data-smobi=\"50\"><\/div>[\/vc_column][vc_column width=&#8221;3\/4&#8243;][vc_column_text]<\/p>\n<h3>3. \u00d6zel \u0130htiya\u00e7lara Uygun \u00c7\u00f6z\u00fcmler:<\/h3>\n<p>Herkesin hayali farkl\u0131d\u0131r ve biz bu farkl\u0131l\u0131klar\u0131 anl\u0131yoruz. Bu nedenle, \u00f6zel ihtiya\u00e7lar\u0131n\u0131za uygun \u00e7\u00f6z\u00fcmler sunuyoruz. Ya\u015fam tarz\u0131n\u0131za uygun evi bulmak bizim i\u00e7in \u00f6nemlidir ve bu konuda size rehberlik etmekten mutluluk duyar\u0131z.<\/p>\n<p>&nbsp;<\/p>\n<h3>4. Uzman Ekibimizle \u00c7al\u0131\u015f\u0131n:<\/h3>\n<p>KSR Properties\u2019in deneyimli ekibi, Florida\u2019n\u0131n gayrimenkul piyasas\u0131ndaki incelikleri \u00e7ok iyi bilir. Sizin i\u00e7in en iyi \u00e7\u00f6z\u00fcmleri bulmak ve hayalinizdeki evi ger\u00e7e\u011fe d\u00f6n\u00fc\u015ft\u00fcrmek i\u00e7in buraday\u0131z.[\/vc_column_text][\/vc_column][\/vc_row][vc_row][vc_column]\r\n\t<div class=\"bauer-spacer clearfix\" data-desktop=\"75\" data-mobi=\"75\" data-smobi=\"75\"><\/div>[\/vc_column][\/vc_row][vc_row][vc_column][vc_column_text]<\/p>\n<h3>5. Yat\u0131r\u0131m Potansiyeli:<\/h3>\n<p>Florida\u2019n\u0131n dinamik gayrimenkul piyasas\u0131nda yat\u0131r\u0131m yapma f\u0131rsat\u0131n\u0131 ka\u00e7\u0131rmay\u0131n. KSR Properties, sadece konut de\u011fil, ayn\u0131 zamanda yat\u0131r\u0131m potansiyeli sunan projelerle size geni\u015f bir se\u00e7enek yelpazesi sunar.<\/p>\n<p>KSR Properties olarak, sizinle birlikte hayalinizdeki evi ke\u015ffetmek i\u00e7in buraday\u0131z. Lux ya\u015fam\u0131n ve kaliteli konut projelerinin anahtar\u0131, kap\u0131n\u0131z\u0131n hemen ard\u0131nda olabilir. Bize kat\u0131l\u0131n ve ya\u015fam tarz\u0131n\u0131za uygun konutlar\u0131m\u0131z\u0131 ke\u015ffedin![\/vc_column_text][\/vc_column][\/vc_row]<\/p>\n<\/section>","protected":false},"excerpt":{"rendered":"<p>[vc_row][vc_column][vc_column_text]Florida\u2019n\u0131n g\u00f6z al\u0131c\u0131 manzaralar\u0131 ve canl\u0131 ya\u015fam tarz\u0131yla \u00fcnl\u00fc bir eyalet oldu\u011funu biliyoruz. Bu muazzam b\u00f6lgede sizin i\u00e7in \u00f6zel konut projelerimizle hayalinizdeki evlere ad\u0131m atmak \u00e7ok daha kolay. KSR Properties olarak, sundu\u011fumuz konut geli\u015ftirme hizmetleriyle ya\u015fam tarz\u0131n\u0131za uygun, estetik ve konforlu mekanlar yarat\u0131yoruz. \u0130ster l\u00fcks bir plaj evi, ister huzurlu<\/p>\n","protected":false},"author":1,"featured_media":0,"parent":10169,"menu_order":0,"comment_status":"closed","ping_status":"closed","template":"","meta":{"content-type":"","inline_featured_image":false,"footnotes":""},"class_list":["post-10203","page","type-page","status-publish","hentry"],"_links":{"self":[{"href":"https:\/\/ksrpro.com\/tr\/wp-json\/wp\/v2\/pages\/10203","targetHints":{"allow":["GET"]}}],"collection":[{"href":"https:\/\/ksrpro.com\/tr\/wp-json\/wp\/v2\/pages"}],"about":[{"href":"https:\/\/ksrpro.com\/tr\/wp-json\/wp\/v2\/types\/page"}],"author":[{"embeddable":true,"href":"https:\/\/ksrpro.com\/tr\/wp-json\/wp\/v2\/users\/1"}],"replies":[{"embeddable":true,"href":"https:\/\/ksrpro.com\/tr\/wp-json\/wp\/v2\/comments?post=10203"}],"version-history":[{"count":3,"href":"https:\/\/ksrpro.com\/tr\/wp-json\/wp\/v2\/pages\/10203\/revisions"}],"predecessor-version":[{"id":10454,"href":"https:\/\/ksrpro.com\/tr\/wp-json\/wp\/v2\/pages\/10203\/revisions\/10454"}],"up":[{"embeddable":true,"href":"https:\/\/ksrpro.com\/tr\/wp-json\/wp\/v2\/pages\/10169"}],"wp:attachment":[{"href":"https:\/\/ksrpro.com\/tr\/wp-json\/wp\/v2\/media?parent=10203"}],"curies":[{"name":"wp","href":"https:\/\/api.w.org\/{rel}","templated":true}]}}